{"id":19,"date":"2014-10-12T19:50:34","date_gmt":"2014-10-12T19:50:34","guid":{"rendered":"http:\/\/euroexitos.es\/radio\/?page_id=19"},"modified":"2020-05-23T18:39:48","modified_gmt":"2020-05-23T17:39:48","slug":"fercasanova","status":"publish","type":"page","link":"https:\/\/euroexitos.es\/radio\/fercasanova\/","title":{"rendered":"FER CASANOVA"},"content":{"rendered":"<h5 style=\"text-align: justify;\"><a href=\"http:\/\/euroexitos.es\/radio\/wp-content\/uploads\/2014\/10\/fer.jpg\"><img loading=\"lazy\" decoding=\"async\" class=\"alignnone size-medium wp-image-57 alignleft\" src=\"http:\/\/euroexitos.es\/radio\/wp-content\/uploads\/2014\/10\/fer-177x300.jpg\" alt=\"fer\" width=\"177\" height=\"300\" data-wp-pid=\"57\" srcset=\"https:\/\/euroexitos.es\/radio\/wp-content\/uploads\/2014\/10\/fer-177x300.jpg 177w, https:\/\/euroexitos.es\/radio\/wp-content\/uploads\/2014\/10\/fer-472x800.jpg 472w, https:\/\/euroexitos.es\/radio\/wp-content\/uploads\/2014\/10\/fer.jpg 547w\" sizes=\"auto, (max-width: 177px) 100vw, 177px\" \/><\/a>Fernando Casanova comenzo a finales de los 80 su andadura en la radio con un programa propio en Radio 5 de Radio Nacional de Espana, antes conocida como RadioCadena Espanola&#8230; Mas tarde pasaria por COPE. En 1991 comenzaria su periodo de varios a\u00f1os en los <a href=\"http:\/\/www.radioourense.com\/los-40\" target=\"_blank\" rel=\"noopener noreferrer\">40 Principales<\/a> y la <a href=\"http:\/\/cadenaser.com\/\" target=\"_blank\" rel=\"noopener noreferrer\">SER.<\/a>.. M\u00e1s tarde en la desaparecida Radio Minuto y ya en 2004-2005 entra a formar parte de <a href=\"http:\/\/www.europafm.com\/\" target=\"_blank\" rel=\"noopener noreferrer\">Europa FM<\/a> y <a href=\"http:\/\/www.ondacero.es\/\" target=\"_blank\" rel=\"noopener noreferrer\">Onda Cero<\/a> (<a href=\"http:\/\/www.atresmedia.com\/\" target=\"_blank\" rel=\"noopener noreferrer\">Grupo Antena 3<\/a>) , haciendo un poco de todo, musicales, entrevistas, tertulias, noticias etc. siempre en directo. En esa \u00e9poca, se estrena como corresponsal de WCMQ de Miami pasando reportes en los noticieros de la <a href=\"http:\/\/www.spanishbroadcasting.com\/\" target=\"_blank\" rel=\"noopener noreferrer\">cadena<\/a> SBS en New York, Miami y Los Angeles. Tambi\u00e9n fue reportero para otras emisoras en paises tan lejanos como Australia. Desde 2005 Fernando Casanova realiza un programa llamado EUROEXITOS que , con el paso del tiempo , se ha convertido en un programa internacional y que ahora, 2015, se emite por unas 200 emisoras de radio de todo el mundo.<\/h5>\n<h5 style=\"text-align: justify;\">Desde 2014 Fernando Casanova pasa muchos meses en Houston , Texas, desde donde sigue haciendo sus programas y tambi\u00e9n algo de Televisi\u00f3n como reportero bilingue, programaci\u00f3n y edici\u00f3n de video.<\/h5>\n<h5 style=\"text-align: justify;\">En la emisora <a href=\"http:\/\/www.ecofm.es\" target=\"_blank\" rel=\"noopener noreferrer\">ECO FM<\/a> emiti\u00f3\u00a0 su espacio diario <a href=\"https:\/\/www.facebook.com\/galiciaconecta\" target=\"_blank\" rel=\"noopener noreferrer\">\u00abHouston Tenemos un Programa\u00bb<\/a> en directo desde Houston , Texas , que era retransmitido a su vez por varias emisoras de Espa\u00f1a.<\/h5>\n<h5 style=\"text-align: justify;\">Fernando adem\u00e1s graba jingles e identificaciones de radio y ha grabado miles para todo tipo de emisoras. Tambien hace doblaje y pone su voz a varios anuncios tanto de radio como de TV, casi siempre siguiendo su filosofia de \u00abFreelance\u00bb<\/h5>\n<p style=\"text-align: center;\"><span style=\"text-decoration: underline;\"><a href=\"http:\/\/www.fernandocasanova.com\" target=\"_blank\" rel=\"noopener noreferrer\"><strong>www.fernandocasanova.com<\/strong><\/a><\/span><\/p>\n<h5 style=\"text-align: justify;\">Durante mucho tiempo, Fernando fue conocido (y todavia lo es), por su faceta de DJ en varias discotecas y locales , compagin\u00e1ndolo muchas veces con su trabajo en la radio.<\/h5>\n<div class=\"three columns\">\n<div class=\"list-type-1\">\n<ul>\n<li>1989-1990 RADIO CADENA ESPANOLA<\/li>\n<li>1991-1997 40 PRINCIPALES Y CADENA SER<\/li>\n<li>1998-2000 RADIO MINUTO<\/li>\n<li>2001-2007 ONDA CERO y EUROPA FM<\/li>\n<li>2010-2015 ECO FM<\/li>\n<li>ECO FM, programas desde Houston y TV<\/li>\n<li>Grabacion de Jingles de radio<\/li>\n<li>Doblaje y voz en off para radio,empresas y tv<\/li>\n<li>DJ<\/li>\n<li>Webmaster<\/li>\n<\/ul>\n<\/div>\n<\/div>\n<div class=\"three columns\" style=\"text-align: center;\"><strong>\u00a0Fotos de Fernando en Houston, Texas<\/strong><\/div>\n<div class=\"three columns\" style=\"text-align: center;\"><a href=\"http:\/\/euroexitos.es\/radio\/wp-content\/uploads\/2014\/10\/ferTVhouston.jpg\"><img loading=\"lazy\" decoding=\"async\" class=\"alignnone wp-image-60\" src=\"http:\/\/euroexitos.es\/radio\/wp-content\/uploads\/2014\/10\/ferTVhouston-300x225.jpg\" alt=\"ferTVhouston\" width=\"309\" height=\"232\" data-wp-pid=\"60\" srcset=\"https:\/\/euroexitos.es\/radio\/wp-content\/uploads\/2014\/10\/ferTVhouston-300x225.jpg 300w, https:\/\/euroexitos.es\/radio\/wp-content\/uploads\/2014\/10\/ferTVhouston-1024x768.jpg 1024w, https:\/\/euroexitos.es\/radio\/wp-content\/uploads\/2014\/10\/ferTVhouston-800x600.jpg 800w, https:\/\/euroexitos.es\/radio\/wp-content\/uploads\/2014\/10\/ferTVhouston-160x120.jpg 160w, https:\/\/euroexitos.es\/radio\/wp-content\/uploads\/2014\/10\/ferTVhouston.jpg 2048w\" sizes=\"auto, (max-width: 309px) 100vw, 309px\" \/><\/a><a href=\"http:\/\/euroexitos.es\/radio\/wp-content\/uploads\/2014\/10\/ferHeli.jpg\"><img loading=\"lazy\" decoding=\"async\" class=\"alignnone wp-image-59\" src=\"http:\/\/euroexitos.es\/radio\/wp-content\/uploads\/2014\/10\/ferHeli-300x216.jpg\" alt=\"ferHeli\" width=\"322\" height=\"232\" data-wp-pid=\"59\" srcset=\"https:\/\/euroexitos.es\/radio\/wp-content\/uploads\/2014\/10\/ferHeli-300x216.jpg 300w, https:\/\/euroexitos.es\/radio\/wp-content\/uploads\/2014\/10\/ferHeli-1024x738.jpg 1024w, https:\/\/euroexitos.es\/radio\/wp-content\/uploads\/2014\/10\/ferHeli-800x577.jpg 800w, https:\/\/euroexitos.es\/radio\/wp-content\/uploads\/2014\/10\/ferHeli.jpg 1323w\" sizes=\"auto, (max-width: 322px) 100vw, 322px\" \/><\/a><\/div>\n<div class=\"three columns\" style=\"text-align: center;\"><a href=\"http:\/\/euroexitos.es\/radio\/wp-content\/uploads\/2020\/05\/20150112_205515.jpg\"><img loading=\"lazy\" decoding=\"async\" class=\"aligncenter  wp-image-2131\" src=\"http:\/\/euroexitos.es\/radio\/wp-content\/uploads\/2020\/05\/20150112_205515.jpg\" alt=\"\" width=\"623\" height=\"563\" srcset=\"https:\/\/euroexitos.es\/radio\/wp-content\/uploads\/2020\/05\/20150112_205515.jpg 2484w, https:\/\/euroexitos.es\/radio\/wp-content\/uploads\/2020\/05\/20150112_205515-300x271.jpg 300w, https:\/\/euroexitos.es\/radio\/wp-content\/uploads\/2020\/05\/20150112_205515-1024x925.jpg 1024w, https:\/\/euroexitos.es\/radio\/wp-content\/uploads\/2020\/05\/20150112_205515-768x693.jpg 768w, https:\/\/euroexitos.es\/radio\/wp-content\/uploads\/2020\/05\/20150112_205515-1536x1387.jpg 1536w, https:\/\/euroexitos.es\/radio\/wp-content\/uploads\/2020\/05\/20150112_205515-2048x1849.jpg 2048w\" sizes=\"auto, (max-width: 623px) 100vw, 623px\" \/><\/a><\/div>\n<div class=\"three columns\" style=\"text-align: center;\"><a href=\"http:\/\/euroexitos.es\/radio\/wp-content\/uploads\/2020\/05\/conAlejSanz.jpg\"><img loading=\"lazy\" decoding=\"async\" class=\"aligncenter wp-image-2132 size-full\" src=\"http:\/\/euroexitos.es\/radio\/wp-content\/uploads\/2020\/05\/conAlejSanz.jpg\" alt=\"\" width=\"253\" height=\"341\" srcset=\"https:\/\/euroexitos.es\/radio\/wp-content\/uploads\/2020\/05\/conAlejSanz.jpg 253w, https:\/\/euroexitos.es\/radio\/wp-content\/uploads\/2020\/05\/conAlejSanz-223x300.jpg 223w\" sizes=\"auto, (max-width: 253px) 100vw, 253px\" \/><\/a><\/div>\n<div style=\"text-align: center;\"><a href=\"http:\/\/euroexitos.es\/radio\/wp-content\/uploads\/2020\/05\/fer.jpg\"><img loading=\"lazy\" decoding=\"async\" class=\"aligncenter  wp-image-2133\" src=\"http:\/\/euroexitos.es\/radio\/wp-content\/uploads\/2020\/05\/fer.jpg\" alt=\"\" width=\"510\" height=\"614\" srcset=\"https:\/\/euroexitos.es\/radio\/wp-content\/uploads\/2020\/05\/fer.jpg 1700w, https:\/\/euroexitos.es\/radio\/wp-content\/uploads\/2020\/05\/fer-249x300.jpg 249w, https:\/\/euroexitos.es\/radio\/wp-content\/uploads\/2020\/05\/fer-850x1024.jpg 850w, https:\/\/euroexitos.es\/radio\/wp-content\/uploads\/2020\/05\/fer-768x925.jpg 768w, https:\/\/euroexitos.es\/radio\/wp-content\/uploads\/2020\/05\/fer-1275x1536.jpg 1275w\" sizes=\"auto, (max-width: 510px) 100vw, 510px\" \/><\/a><\/div>\n<div style=\"text-align: center;\">M\u00e1s en mi FACEBOOK: <a href=\"https:\/\/www.facebook.com\/fercasanovaRadio\" target=\"_blank\" rel=\"noopener noreferrer\"><strong>https:\/\/www.facebook.com\/fercasanovaRadio<\/strong><\/a><\/div>\n<div><\/div>\n","protected":false},"excerpt":{"rendered":"<p>Fernando Casanova comenzo a finales de los 80 su andadura en la radio con un programa propio en Radio 5 de Radio Nacional de Espana, antes conocida como RadioCadena Espanola&#8230;&#8230;<\/p>\n","protected":false},"author":1,"featured_media":0,"parent":0,"menu_order":7,"comment_status":"closed","ping_status":"open","template":"","meta":{"footnotes":""},"class_list":["post-19","page","type-page","status-publish","hentry"],"aioseo_notices":[],"_links":{"self":[{"href":"https:\/\/euroexitos.es\/radio\/wp-json\/wp\/v2\/pages\/19","targetHints":{"allow":["GET"]}}],"collection":[{"href":"https:\/\/euroexitos.es\/radio\/wp-json\/wp\/v2\/pages"}],"about":[{"href":"https:\/\/euroexitos.es\/radio\/wp-json\/wp\/v2\/types\/page"}],"author":[{"embeddable":true,"href":"https:\/\/euroexitos.es\/radio\/wp-json\/wp\/v2\/users\/1"}],"replies":[{"embeddable":true,"href":"https:\/\/euroexitos.es\/radio\/wp-json\/wp\/v2\/comments?post=19"}],"version-history":[{"count":13,"href":"https:\/\/euroexitos.es\/radio\/wp-json\/wp\/v2\/pages\/19\/revisions"}],"predecessor-version":[{"id":2134,"href":"https:\/\/euroexitos.es\/radio\/wp-json\/wp\/v2\/pages\/19\/revisions\/2134"}],"wp:attachment":[{"href":"https:\/\/euroexitos.es\/radio\/wp-json\/wp\/v2\/media?parent=19"}],"curies":[{"name":"wp","href":"https:\/\/api.w.org\/{rel}","templated":true}]}}