{"id":1399,"date":"2018-05-24T11:32:14","date_gmt":"2018-05-24T10:32:14","guid":{"rendered":"http:\/\/euroexitos.es\/radio\/?page_id=1399"},"modified":"2020-03-19T03:03:04","modified_gmt":"2020-03-19T02:03:04","slug":"privacidad","status":"publish","type":"page","link":"https:\/\/euroexitos.es\/radio\/privacidad\/","title":{"rendered":"PRIVACIDAD"},"content":{"rendered":"<h4><strong>POLITICA DE PRIVACIDAD<\/strong><\/h4>\n<h4>Qui\u00e9nes somos<\/h4>\n<p>La direcci\u00f3n de nuestra web es: www.euroexitos.es . Es la p\u00e1gina oficial del programa de radio internacional EUROEXITOS del locutor espa\u00f1ol Fernando Casanova.<\/p>\n<h4>Qu\u00e9 datos personales recogemos y por qu\u00e9 los recogemos<\/h4>\n<p>euroexitos.es\u00a0solamente recoge los datos que el usuario proporciona a trav\u00e9s del formulario de contacto incluido en la web o mediante en el env\u00edo de correos electr\u00f3nicos a correo@euroexitos.com o euroexitos@gmail.com<\/p>\n<p>Los datos, nombre y correo electr\u00f3nico, ni se almacenan ni son usados por terceros. Solamente son utilizados para contestar a las preguntas que el usuario pueda enviar\u00a0 por esos medios.<\/p>\n<p>Para comunicarnos con las emisoras de radio que emiten el programa,almacenamos solamente una direcci\u00f3n de correo electr\u00f3nico para comunicarle a cada medio el momento en el que el programa est\u00e1 disponible.<\/p>\n<h4>Comentarios<\/h4>\n<p>Cuando los visitantes dejan comentarios en la web, recopilamos los datos que se muestran en el formulario de comentarios, as\u00ed como la direcci\u00f3n IP del visitante .<\/p>\n<p>Una cadena an\u00f3nima creada a partir de tu direcci\u00f3n de correo electr\u00f3nico (tambi\u00e9n llamada hash) puede ser proporcionada al servicio de Gravatar para ver si la est\u00e1s usando. La pol\u00edtica de privacidad del servicio Gravatar est\u00e1 disponible aqu\u00ed: https:\/\/automattic.com\/privacy\/. Aunque nuestra p\u00e1gina tiene desactivada la funci\u00f3n de publicar comentarios, si apareciese alguno, despu\u00e9s de la aprobaci\u00f3n de tu comentario, ser\u00e1 visible para todo el mundo y puedes ejercer tu derecho a solicitarnos su borrado en cualquier momento.<\/p>\n<h4>Formularios de contacto<\/h4>\n<p>euroexitos.es\u00a0puede recopilar la siguiente informaci\u00f3n personal de los usuarios de la p\u00e1gina web a trav\u00e9s de los formularios correspondientes: nombre y direcci\u00f3n de correo electr\u00f3nico<\/p>\n<p>Con esos datos no creamos ninguna base de datos y se utilizan solamente para contestar al usuario.<\/p>\n<h4>Cookies<\/h4>\n<p>Si dejas un comentario en nuestro sitio puedes elegir guardar tu nombre, direcci\u00f3n de correo electr\u00f3nico y web en cookies. Esto es para tu comodidad, para que no tengas que volver a rellenar tus datos cuando dejes otro comentario. Estas cookies tendr\u00e1n una duraci\u00f3n de un a\u00f1o.<\/p>\n<h4>Contenido incrustado de otros sitios web<\/h4>\n<p>Los art\u00edculos de este sitio pueden incluir contenido incrustado (por ejemplo, v\u00eddeos, im\u00e1genes, art\u00edculos, etc.). El contenido incrustado de otras web se comporta exactamente de la misma manera que si el visitante hubiera visitado la otra web.<\/p>\n<p>Estas web pueden recopilar datos sobre ti, utilizar cookies, incrustar un seguimiento adicional de terceros, y supervisar tu interacci\u00f3n con ese contenido incrustado, incluido el seguimiento de su interacci\u00f3n con el contenido incrustado si tienes una cuenta y est\u00e1s conectado a esa web.<\/p>\n<h4>Con qui\u00e9n compartimos tus datos<\/h4>\n<p>En\u00a0euroexitos.es NO compartimos tus datos con terceros<\/p>\n<h4>Cu\u00e1nto tiempo conservamos tus datos<\/h4>\n<p>Si dejas un comentario, el comentario y sus metadatos se conservan indefinidamente. Esto es para que podamos reconocer y aprobar comentarios sucesivos autom\u00e1ticamente en lugar de mantenerlos en una cola de moderaci\u00f3n. Por regla general, los comentarios est\u00e1n desactivados en nuestra p\u00e1gina web<\/p>\n<h4>Qu\u00e9 derechos tienes sobre tus datos<\/h4>\n<p>Si\u00a0 has dejado comentarios en esta web, puedes solicitar recibir un archivo de exportaci\u00f3n de los datos personales que tenemos sobre ti, incluyendo cualquier dato que nos hayas proporcionado. Tambi\u00e9n puedes solicitar que eliminemos cualquier dato personal que tengamos sobre ti. Esto no incluye ning\u00fan dato que estemos obligados a conservar con fines administrativos, legales o de seguridad.<\/p>\n<h4>D\u00f3nde enviamos tus datos<\/h4>\n<p>Los comentarios de los visitantes puede que los revise un servicio de detecci\u00f3n autom\u00e1tica de spam. Por lo dem\u00e1s, tus datos no se env\u00edan a ning\u00fan lugar.<\/p>\n<h4>Informaci\u00f3n de contacto<\/h4>\n<p>Puedes contactar con nosotros en el email\u00a0 euroexitos@gmail.com\u00a0 o correo@euroexitos.com<\/p>\n<p>El programa no tiene oficina f\u00edsica. Estamos ubicados en Ourense, Galicia Espa\u00f1a y en Houston, Texas, USA<\/p>\n<h4>C\u00f3mo protegemos tus datos<\/h4>\n<p>euroexitos.es\u00a0utiliza t\u00e9cnicas de seguridad de la informaci\u00f3n tales como firewalls, procedimientos de control de acceso y mecanismos criptogr\u00e1ficos, todo ello con el objetivo de evitar el acceso no autorizado a los datos y garantizar la confidencialidad de los mismos.<\/p>\n<h4 class=\"page_heading h h2\">Responsabilidad derivada del uso de la web<\/h4>\n<div class=\"BlockList\">\n<section class=\"TextBlockView block block11133 first last heading_top float_top_left no_images s s2\" data-cocktail-params=\"{&quot;blockId&quot;: 11133}\">\n<div class=\"text_container\">\n<p>\u00a0euroexitos.es\u00a0no se hace responsable, en ning\u00fan caso, de los da\u00f1os y perjuicios de cualquier naturaleza que pudieran ocasionar, a t\u00edtulo enunciativo: errores u omisiones en los contenidos, falta de disponibilidad del portal o la transmisi\u00f3n de virus o programas maliciosos o lesivos en los contenidos, a pesar de haber adoptado todas las medidas tecnol\u00f3gicas necesarias para evitarlo.<br \/>\nDesde el sitio web\u00a0\u00a0euroexitos.es es posible que se redirija a contenidos de terceros sitios web. Dado que el prestador no puede controlar siempre los contenidos introducidos por los terceros en sus sitios web, \u00e9ste no asume ning\u00fan tipo de responsabilidad respecto a dichos contenidos. En todo caso, el prestador manifiesta que proceder\u00e1 a la retirada inmediata de cualquier contenido que pudiera contravenir la legislaci\u00f3n nacional o internacional, la moral o el orden p\u00fablico, procediendo a la retirada inmediata de la redirecci\u00f3n a dicho sitio web, poniendo en conocimiento de las autoridades competentes el contenido en cuesti\u00f3n.<\/p>\n<p>euroexitos.es\u00a0no se hace responsable de la informaci\u00f3n y contenidos almacenados, a t\u00edtulo enunciativo pero no limitativo, en foros, chats, generadores de blogs, comentarios, redes sociales o cualquier otro medio que permita a terceros publicar contenidos de forma independiente en la Web. No obstante ea1uro.com se pone a disposici\u00f3n de todos los usuarios, autoridades y fuerzas de seguridad, y colaborando de forma activa en la retirada o en su caso bloqueo de todos aquellos contenidos que pudieran afectar o contravenir la legislaci\u00f3n nacional, o internacional, derechos de terceros o la moral y el orden p\u00fablico. En caso de que el usuario considere que existe en la Web alg\u00fan contenido que pudiera ser susceptible de esta clasificaci\u00f3n, se ruega lo notifique de forma inmediata al administrador de la web en el email euroexitos@gmail.com.<br \/>\nLa Web ha sido revisada y probada para que funcione correctamente. En principio, puede garantizarse el correcto funcionamiento las 24 horas del d\u00eda 7 d\u00edas a la semana, todo el a\u00f1o. No obstante,\u00a0\u00a0euroexitos.es no descarta la posibilidad de que existan ciertos errores de programaci\u00f3n, o que acontezcan causas de fuerza mayor, cat\u00e1strofes naturales, huelgas, o circunstancias semejantes que hagan imposible el acceso a la Web.<\/p>\n<\/div>\n<\/section>\n<\/div>\n","protected":false},"excerpt":{"rendered":"<p>POLITICA DE PRIVACIDAD Qui\u00e9nes somos La direcci\u00f3n de nuestra web es: www.euroexitos.es . Es la p\u00e1gina oficial del programa de radio internacional EUROEXITOS del locutor espa\u00f1ol Fernando Casanova. Qu\u00e9 datos&#8230;<\/p>\n","protected":false},"author":1,"featured_media":0,"parent":0,"menu_order":0,"comment_status":"open","ping_status":"open","template":"","meta":{"footnotes":""},"class_list":["post-1399","page","type-page","status-publish","hentry"],"aioseo_notices":[],"_links":{"self":[{"href":"https:\/\/euroexitos.es\/radio\/wp-json\/wp\/v2\/pages\/1399","targetHints":{"allow":["GET"]}}],"collection":[{"href":"https:\/\/euroexitos.es\/radio\/wp-json\/wp\/v2\/pages"}],"about":[{"href":"https:\/\/euroexitos.es\/radio\/wp-json\/wp\/v2\/types\/page"}],"author":[{"embeddable":true,"href":"https:\/\/euroexitos.es\/radio\/wp-json\/wp\/v2\/users\/1"}],"replies":[{"embeddable":true,"href":"https:\/\/euroexitos.es\/radio\/wp-json\/wp\/v2\/comments?post=1399"}],"version-history":[{"count":4,"href":"https:\/\/euroexitos.es\/radio\/wp-json\/wp\/v2\/pages\/1399\/revisions"}],"predecessor-version":[{"id":1636,"href":"https:\/\/euroexitos.es\/radio\/wp-json\/wp\/v2\/pages\/1399\/revisions\/1636"}],"wp:attachment":[{"href":"https:\/\/euroexitos.es\/radio\/wp-json\/wp\/v2\/media?parent=1399"}],"curies":[{"name":"wp","href":"https:\/\/api.w.org\/{rel}","templated":true}]}}